{"id":1374,"date":"2018-09-19T13:37:29","date_gmt":"2018-09-19T13:37:29","guid":{"rendered":"http:\/\/law-firm.bold-themes.com\/master-import\/?page_id=1374"},"modified":"2023-08-14T00:22:35","modified_gmt":"2023-08-13T22:22:35","slug":"accordions-tabs","status":"publish","type":"page","link":"https:\/\/justice.ba\/en\/accordions-tabs\/","title":{"rendered":"Naj\u010de\u0161\u0107a pitanja"},"content":{"rendered":"<section id=\"bt_bb_section69d99a2f0553b\" class=\"bt_bb_section bt_bb_layout_boxed_1200 bt_bb_vertical_align_top bt_bb_top_spacing_large\"  data-bt-override-class=\"null\"><div class=\"bt_bb_port\"><div class=\"bt_bb_cell\"><div class=\"bt_bb_cell_inner\"><div class=\"bt_bb_row\"  data-bt-override-class=\"{}\"><div class=\"bt_bb_row_holder\" ><div  class=\"bt_bb_column col-xl-12 bt_bb_align_left bt_bb_padding_normal bt_bb_animation_fade_in animate\"  data-width=\"12\" data-bt-override-class=\"{}\"><div class=\"bt_bb_column_content bt_bb_vertical_align_top bt_bb_color_scheme_\"><div class=\"bt_bb_column_content_inner\"><div class=\"bt_bb_accordion bt_bb_color_scheme_14 bt_bb_style_filled bt_bb_shape_square\" style=\"; --accordion-primary-color:#1a243f; --accordion-secondary-color:#B07C4B;\" data-closed=\"closed\"><div class=\"bt_bb_accordion_item\"><div class=\"bt_bb_accordion_item_title\">Kako mogu za\u0161tititi svoje poslovne interese pri sklapanju ugovora?<\/div><div class=\"bt_bb_accordion_item_content\"><div  class=\"bt_bb_text\" ><p>Na\u0161i iskusni advokati \u0107e vam pru\u017eiti pravno savjetovanje i izraditi ili pregledati ugovore kako biste osigurali da su va\u0161i poslovni interesi za\u0161ti\u0107eni i da su svi klju\u010dni aspekti ugovora pokriveni.<\/p>\n<\/div><div class=\"bt_bb_separator bt_bb_border_style_none bt_bb_bottom_spacing_small\" data-bt-override-class=\"null\"><\/div><\/div><\/div><div class=\"bt_bb_accordion_item\"><div class=\"bt_bb_accordion_item_title\">\u0160ta trebam u\u010diniti ako imam pote\u0161ko\u0107a sa naplatom dugovanja?<\/div><div class=\"bt_bb_accordion_item_content\"><div  class=\"bt_bb_text\" ><p>Ako se suo\u010davate sa izazovima u naplati dugova, stojimo vam na raspolaganju sa pravnim rje\u0161enjima koja \u0107e vam pomo\u0107i da ostvarite svoja potra\u017eivanja. Na\u0161 tim \u0107e vas voditi kroz korake koji vam omogu\u0107avaju da efikasno rije\u0161ite ovu situaciju.<\/p>\n<\/div><div class=\"bt_bb_separator bt_bb_border_style_none bt_bb_bottom_spacing_small\" data-bt-override-class=\"null\"><\/div><\/div><\/div><div class=\"bt_bb_accordion_item\"><div class=\"bt_bb_accordion_item_title\">Koje su pravne obaveze prilikom osnivanja vlastitog preduze\u0107a?<\/div><div class=\"bt_bb_accordion_item_content\"><div  class=\"bt_bb_text\" ><p>Osnivanje preduze\u0107a zahtijeva detaljno poznavanje pravnih aspekata, i tu smo da vam pomognemo. Na\u0161i pravni stru\u010dnjaci \u0107e vas uputiti kroz korake osnivanja, uklju\u010duju\u0107i registraciju, dozvole i usagla\u0161enost sa zakonima.<\/p>\n<\/div><div class=\"bt_bb_separator bt_bb_border_style_none bt_bb_bottom_spacing_small\" data-bt-override-class=\"null\"><\/div><\/div><\/div><div class=\"bt_bb_accordion_item\"><div class=\"bt_bb_accordion_item_title\">Koji su koraci za dobijanje dozvole boravka u BiH?<\/div><div class=\"bt_bb_accordion_item_content\"><div  class=\"bt_bb_text\" ><p>Ako planirate dobijanje dozvole boravka u BiH, na\u0161i stru\u010dnjaci \u0107e vam pru\u017eiti smjernice i podr\u0161ku tokom cijelog procesa. Poma\u017eemo vam da razumijete dokumentaciju i rokove kako biste postigli legalan boravak.<\/p>\n<\/div><div class=\"bt_bb_separator bt_bb_border_style_none bt_bb_bottom_spacing_small\" data-bt-override-class=\"null\"><\/div><\/div><\/div><div class=\"bt_bb_accordion_item\"><div class=\"bt_bb_accordion_item_title\">Kako da se za\u0161titim od kr\u0161enja ugovornih obaveza?<\/div><div class=\"bt_bb_accordion_item_content\"><div  class=\"bt_bb_text\" ><p>U slu\u010daju kr\u0161enja ugovornih obaveza, mi \u0107emo vas uputiti u pravne opcije kako biste za\u0161titili svoje interese. Na\u0161i pravni stru\u010dnjaci \u0107e vam pru\u017eiti rje\u0161enja i smjernice za rje\u0161avanje takvih situacija na najefikasniji na\u010din.<\/p>\n<\/div><div class=\"bt_bb_separator bt_bb_border_style_none bt_bb_bottom_spacing_small\" data-bt-override-class=\"null\"><\/div><\/div><\/div><div class=\"bt_bb_accordion_item\"><div class=\"bt_bb_accordion_item_title\">Kako mogu izbje\u0107i pravne probleme pri zakupu stana ili poslovnog prostora?<\/div><div class=\"bt_bb_accordion_item_content\"><div  class=\"bt_bb_text\" ><p>Na\u0161i advokati \u0107e pregledati ugovore, pru\u017eiti vam savjete o uskla\u0111enosti sa zakonima i osigurati da su va\u0161i pravni interesi za\u0161ti\u0107eni tokom zakupa.<\/p>\n<\/div><div class=\"bt_bb_separator bt_bb_border_style_none bt_bb_bottom_spacing_small\" data-bt-override-class=\"null\"><\/div><\/div><\/div><\/div><div class=\"bt_bb_separator bt_bb_border_style_none bt_bb_bottom_spacing_medium\" data-bt-override-class=\"null\"><\/div><\/div><\/div><\/div><\/div><\/div><div class=\"bt_bb_row\"  data-bt-override-class=\"{}\"><div class=\"bt_bb_row_holder\" ><div  class=\"bt_bb_column col-xl-12 bt_bb_align_left bt_bb_padding_normal\"  data-width=\"12\" data-bt-override-class=\"{}\"><div class=\"bt_bb_column_content bt_bb_vertical_align_top bt_bb_color_scheme_\"><div class=\"bt_bb_column_content_inner\"><div class=\"bt_bb_separator bt_bb_border_style_none bt_bb_bottom_spacing_normal\" data-bt-override-class=\"null\"><\/div><\/div><\/div><\/div><\/div><\/div><\/div><!-- cell_inner --><\/div><!-- cell --><\/div><!-- port --><\/section>","protected":false},"excerpt":{"rendered":"","protected":false},"author":2,"featured_media":3640,"parent":0,"menu_order":0,"comment_status":"closed","ping_status":"closed","template":"","meta":{"inline_featured_image":false,"footnotes":""},"class_list":["post-1374","page","type-page","status-publish","has-post-thumbnail","hentry"],"_links":{"self":[{"href":"https:\/\/justice.ba\/en\/wp-json\/wp\/v2\/pages\/1374","targetHints":{"allow":["GET"]}}],"collection":[{"href":"https:\/\/justice.ba\/en\/wp-json\/wp\/v2\/pages"}],"about":[{"href":"https:\/\/justice.ba\/en\/wp-json\/wp\/v2\/types\/page"}],"author":[{"embeddable":true,"href":"https:\/\/justice.ba\/en\/wp-json\/wp\/v2\/users\/2"}],"replies":[{"embeddable":true,"href":"https:\/\/justice.ba\/en\/wp-json\/wp\/v2\/comments?post=1374"}],"version-history":[{"count":6,"href":"https:\/\/justice.ba\/en\/wp-json\/wp\/v2\/pages\/1374\/revisions"}],"predecessor-version":[{"id":4275,"href":"https:\/\/justice.ba\/en\/wp-json\/wp\/v2\/pages\/1374\/revisions\/4275"}],"wp:featuredmedia":[{"embeddable":true,"href":"https:\/\/justice.ba\/en\/wp-json\/wp\/v2\/media\/3640"}],"wp:attachment":[{"href":"https:\/\/justice.ba\/en\/wp-json\/wp\/v2\/media?parent=1374"}],"curies":[{"name":"wp","href":"https:\/\/api.w.org\/{rel}","templated":true}]}}